{"id":2,"date":"2014-10-09T16:22:58","date_gmt":"2014-10-09T16:22:58","guid":{"rendered":"http:\/\/blog.daire-jeanpaul.com\/blog\/?page_id=2"},"modified":"2026-04-07T20:24:49","modified_gmt":"2026-04-07T20:24:49","slug":"sample-page","status":"publish","type":"page","link":"https:\/\/blog.daire-jeanpaul.com\/blog\/sample-page\/","title":{"rendered":"A propos"},"content":{"rendered":"<h5><span style=\"color: #808080;\"><em>Les images sont des souvenirs ou des repr\u00e9sentations au moyen desquelles l&rsquo;\u00eatre humain interpr\u00e8te le monde.<\/em><\/span><br \/>\n<span style=\"color: #808080;\"> <em> Elles s&rsquo;interposent entre le monde et les hommes, et le rend m\u00e9connaissable. Elles s&rsquo;inscrivent dans l&rsquo;univers de la magie ( Hans Belting )<\/em><\/span><\/h5>\n<h5><span style=\"color: #808080;\"><em>Illustrateur amateur j&rsquo;ai d\u00e9couvert la peinture num\u00e9rique en 2012,\u00a0 concr\u00e8tement\u00a0pour cela\u00a0 j&rsquo;utilise un ordinateur, un logiciel de peinture Clip Studio Paint Pro et\u00a0 Photoshop CS6, une tablette graphique Wacom Intuos Pro et un stylet qui remplace crayons et pinceaux. Aussi difficile que la peinture traditionnelle, l&rsquo;odeur des produits et les temps de s\u00e9chage en moins, cette technique me permet d&rsquo;explorer de mani\u00e8re ludique une autre partie de mon univers artistique, un langage empreint de po\u00e9sie et de magie.<\/em><\/span><\/h5>\n<h5><span style=\"color: #808080;\"><em>Je remercie infiniment une amie, H\u00e9l\u00e8ne M (illustrative de talent) qui m&rsquo;a fait d\u00e9couvrir la peinture num\u00e9rique, ouvert une porte en moi et de sa participation dans certaines de mes illustrations.<br \/>\n<\/em><\/span><\/h5>\n<h5><span style=\"color: #808080;\"><em>Je vous invite \u00e0 visionner cette petite s\u00e9rie d&rsquo;images r\u00e9alis\u00e9es avec humour. <\/em><\/span><\/h5>\n<h5><span style=\"color: #808080;\"><em>Je vous invite aussi \u00e0 d\u00e9couvrir les travaux de mon activit\u00e9 principale, la<span style=\"color: #dedede;\">\u00a0<span style=\"color: #808080;\">sculpture<\/span> <span style=\"color: #ffffff;\"><a style=\"color: #ffffff;\" title=\"http:\/\/www.daire-jeanpaul.com\/\" href=\"http:\/\/www.daire-jeanpaul.com\/\">ici.<\/a><\/span><\/span><br \/>\n<\/em><\/span><\/h5>\n<p>&nbsp;<\/p>\n<p>&nbsp;<\/p>\n","protected":false},"excerpt":{"rendered":"<p>Les images sont des souvenirs ou des repr\u00e9sentations au moyen desquelles l&rsquo;\u00eatre humain interpr\u00e8te le monde. Elles s&rsquo;interposent entre le monde et les hommes, et le rend m\u00e9connaissable. Elles s&rsquo;inscrivent dans l&rsquo;univers de la magie ( Hans Belting ) Illustrateur amateur j&rsquo;ai d\u00e9couvert la peinture num\u00e9rique en 2012,\u00a0 concr\u00e8tement\u00a0pour cela\u00a0 j&rsquo;utilise un ordinateur, un logiciel [&hellip;]<\/p>\n","protected":false},"author":1,"featured_media":0,"parent":0,"menu_order":0,"comment_status":"open","ping_status":"open","template":"","meta":{"site-container-style":"default","site-container-layout":"default","site-sidebar-layout":"default","disable-article-header":"default","disable-site-header":"default","disable-site-footer":"default","disable-content-area-spacing":"default","jetpack_post_was_ever_published":false,"footnotes":""},"class_list":["post-2","page","type-page","status-publish","hentry"],"jetpack_shortlink":"https:\/\/wp.me\/P5c6em-2","jetpack_sharing_enabled":true,"_links":{"self":[{"href":"https:\/\/blog.daire-jeanpaul.com\/blog\/wp-json\/wp\/v2\/pages\/2","targetHints":{"allow":["GET"]}}],"collection":[{"href":"https:\/\/blog.daire-jeanpaul.com\/blog\/wp-json\/wp\/v2\/pages"}],"about":[{"href":"https:\/\/blog.daire-jeanpaul.com\/blog\/wp-json\/wp\/v2\/types\/page"}],"author":[{"embeddable":true,"href":"https:\/\/blog.daire-jeanpaul.com\/blog\/wp-json\/wp\/v2\/users\/1"}],"replies":[{"embeddable":true,"href":"https:\/\/blog.daire-jeanpaul.com\/blog\/wp-json\/wp\/v2\/comments?post=2"}],"version-history":[{"count":29,"href":"https:\/\/blog.daire-jeanpaul.com\/blog\/wp-json\/wp\/v2\/pages\/2\/revisions"}],"predecessor-version":[{"id":1284,"href":"https:\/\/blog.daire-jeanpaul.com\/blog\/wp-json\/wp\/v2\/pages\/2\/revisions\/1284"}],"wp:attachment":[{"href":"https:\/\/blog.daire-jeanpaul.com\/blog\/wp-json\/wp\/v2\/media?parent=2"}],"curies":[{"name":"wp","href":"https:\/\/api.w.org\/{rel}","templated":true}]}}